{"id":161,"date":"2022-07-12T03:32:40","date_gmt":"2022-07-12T03:32:40","guid":{"rendered":"https:\/\/glpallets.com\/?page_id=161"},"modified":"2022-07-12T04:12:21","modified_gmt":"2022-07-12T04:12:21","slug":"home","status":"publish","type":"page","link":"https:\/\/glpallets.com\/","title":{"rendered":"HOME"},"content":{"rendered":"<p><div class=\"kc-elm kc-css-498182 kc-row-container module\"><div class=\"wc-row row\"><div class=\"kc-wrap-columns\"><div class=\"kc-elm kc-css-440315 small-12 columns small-12\"><div class=\"kc-col-container\">\n\n<div class=\"image_fadein_slider kc-elm kc-css-129785 \">\n\t\t<div data-delay=\"3000\" class=\"image_fadein\" data-images=\"220,219,218\">\n\t<img decoding=\"async\" src=\"https:\/\/glpallets.com\/wp-content\/uploads\/2022\/07\/001.png\" \/><img decoding=\"async\" src=\"https:\/\/glpallets.com\/wp-content\/uploads\/2022\/07\/0002.png\" \/><img decoding=\"async\" src=\"https:\/\/glpallets.com\/wp-content\/uploads\/2022\/07\/003.png\" \/>\t<\/div>\n<\/div>\n<\/div><\/div><\/div><\/div><\/div><div class=\"kc-elm kc-css-931133 kc-row-container module\"><div class=\"wc-row row\"><div class=\"kc-wrap-columns\"><div class=\"kc-elm kc-css-62909 small-12 columns small-12\"><div class=\"kc-col-container\"><div class=\"kc-elm kc-css-475541 kc_text_block\"><\/p>\n<h3><strong>QUEM SOMOS<\/strong><\/h3>\n<p>\n<\/div><div class=\"kc-elm kc-css-158575 kc_text_block\"><\/p>\n<p style=\"text-align: justify;\"><span style=\"font-size: 12pt;\">A empresa GL PALLETS, atua na \u00e1rea de log\u00edstica nas diversas regi\u00f5es do Brasil e tem como objetivo oferecer o modelo de pallet ideal para cada segmento do mercado, garantindo uma boa movimenta\u00e7\u00e3o e armazenamento de mercadorias nos setores aliment\u00edcio, farmac\u00eautico, t\u00eaxtil e entre outros. Nosso diferencial \u00e9 a qualidade no atendimento e efici\u00eancia no cumprimento dos prazos.<\/span><\/p>\n<p style=\"text-align: justify;\"><span style=\"font-size: 12pt;\"><strong>MISS\u00c3O:<\/strong> Fazer e desenvolver com inova\u00e7\u00e3o, efici\u00eancia e pre\u00e7o justo Pallets e embalagens em madeira para nossos clientes.<\/span><\/p>\n<p style=\"text-align: justify;\"><span style=\"font-size: 12pt;\"><strong>VIS\u00c3O:<\/strong> Ser reconhecida como refer\u00eancia, local e nacional, na produ\u00e7\u00e3o de Pallets e Embalagens em madeira, com produtividade e lucratividade, cultivando relacionamentos de parceria e confian\u00e7a ao longo prazo com nossos clientes e fornecedores.<\/span><\/p>\n<p>\n<\/div><\/div><\/div><div class=\"kc-elm kc-css-805205 small-12 columns small-12\"><div class=\"kc-col-container\"><div class=\"kc-elm kc-css-375150 kc_text_block\"><\/p>\n<p><img decoding=\"async\" class=\"alignright\" style=\"font-style: inherit;\" src=\"https:\/\/glpallets.com\/wp-content\/uploads\/2014\/02\/banner1.png\" alt=\"\"><\/p>\n<p>\n<\/div><\/div><\/div><\/div><\/div><\/div><div class=\"kc-elm kc-css-84236 kc-row-container module\"><div class=\"wc-row row\"><div class=\"kc-wrap-columns\"><div class=\"kc-elm kc-css-834562 small-12 columns small-12\"><div class=\"kc-col-container\"><\/div><\/div><div class=\"kc-elm kc-css-434992 small-12 columns small-12\"><div class=\"kc-col-container\"><div class=\"kc-elm kc-css-546913 kc_text_block\"><\/p>\n<h3 style=\"text-align: center;\"><strong>FALE CONOSCO<\/strong><\/h3>\n<p>\n<\/div><div class=\"kc-elm kc-css-755796 kc_text_block\"><\/p>\n<div role=\"form\" class=\"wpcf7\" id=\"wpcf7-f26-o1\" lang=\"pt-BR\" dir=\"ltr\">\n<div class=\"screen-reader-response\">\n<p role=\"status\" aria-live=\"polite\" aria-atomic=\"true\">\n<ul><\/ul>\n<\/div>\n<form action=\"\/index.php?rest_route=%2Fwp%2Fv2%2Fpages%2F161#wpcf7-f26-o1\" method=\"post\" class=\"wpcf7-form init\" novalidate=\"novalidate\" data-status=\"init\">\n<div style=\"display: none;\">\n<input type=\"hidden\" name=\"_wpcf7\" value=\"26\" \/><br \/>\n<input type=\"hidden\" name=\"_wpcf7_version\" value=\"5.6\" \/><br \/>\n<input type=\"hidden\" name=\"_wpcf7_locale\" value=\"pt_BR\" \/><br \/>\n<input type=\"hidden\" name=\"_wpcf7_unit_tag\" value=\"wpcf7-f26-o1\" \/><br \/>\n<input type=\"hidden\" name=\"_wpcf7_container_post\" value=\"0\" \/><br \/>\n<input type=\"hidden\" name=\"_wpcf7_posted_data_hash\" value=\"\" \/>\n<\/div>\n<p>Nome<br \/>\n   <span class=\"wpcf7-form-control-wrap\" data-name=\"nome\"><input type=\"text\" name=\"nome\" value=\"\" size=\"40\" class=\"wpcf7-form-control wpcf7-text wpcf7-validates-as-required\" aria-required=\"true\" aria-invalid=\"false\" \/><\/span><\/p>\n<p>Fone<br \/>\n   <span class=\"wpcf7-form-control-wrap\" data-name=\"fone\"><input type=\"tel\" name=\"fone\" value=\"\" size=\"40\" class=\"wpcf7-form-control wpcf7-text wpcf7-tel wpcf7-validates-as-required wpcf7-validates-as-tel\" aria-required=\"true\" aria-invalid=\"false\" \/><\/span> <\/p>\n<p>E-mail<br \/>\n    <span class=\"wpcf7-form-control-wrap\" data-name=\"email-43\"><input type=\"email\" name=\"email-43\" value=\"\" size=\"40\" class=\"wpcf7-form-control wpcf7-text wpcf7-email wpcf7-validates-as-required wpcf7-validates-as-email\" aria-required=\"true\" aria-invalid=\"false\" \/><\/span> <\/p>\n<p>Assunto<br \/>\n    <span class=\"wpcf7-form-control-wrap\" data-name=\"your-subject\"><input type=\"text\" name=\"your-subject\" value=\"\" size=\"40\" class=\"wpcf7-form-control wpcf7-text\" aria-invalid=\"false\" \/><\/span> <\/p>\n<p>Mensagem<br \/>\n   <span class=\"wpcf7-form-control-wrap\" data-name=\"mensagem\"><textarea name=\"mensagem\" cols=\"40\" rows=\"10\" class=\"wpcf7-form-control wpcf7-textarea wpcf7-validates-as-required\" aria-required=\"true\" aria-invalid=\"false\"><\/textarea><\/span><\/p>\n<p id=\"submit\"><input type=\"submit\" value=\"Enviar\" class=\"wpcf7-form-control has-spinner wpcf7-submit\" \/><\/p>\n<div class=\"wpcf7-response-output\" aria-hidden=\"true\"><\/div>\n<\/form>\n<\/div>\n<p>\n<\/div><\/div><\/div><div class=\"kc-elm kc-css-399872 small-12 columns small-12\"><div class=\"kc-col-container\"><\/div><\/div><\/div><\/div><\/div><\/p>\n","protected":false},"excerpt":{"rendered":"","protected":false},"author":1,"featured_media":0,"parent":0,"menu_order":0,"comment_status":"closed","ping_status":"closed","template":"template-modules.php","meta":{"footnotes":""},"_links":{"self":[{"href":"https:\/\/glpallets.com\/index.php?rest_route=\/wp\/v2\/pages\/161"}],"collection":[{"href":"https:\/\/glpallets.com\/index.php?rest_route=\/wp\/v2\/pages"}],"about":[{"href":"https:\/\/glpallets.com\/index.php?rest_route=\/wp\/v2\/types\/page"}],"author":[{"embeddable":true,"href":"https:\/\/glpallets.com\/index.php?rest_route=\/wp\/v2\/users\/1"}],"replies":[{"embeddable":true,"href":"https:\/\/glpallets.com\/index.php?rest_route=%2Fwp%2Fv2%2Fcomments&post=161"}],"version-history":[{"count":44,"href":"https:\/\/glpallets.com\/index.php?rest_route=\/wp\/v2\/pages\/161\/revisions"}],"predecessor-version":[{"id":222,"href":"https:\/\/glpallets.com\/index.php?rest_route=\/wp\/v2\/pages\/161\/revisions\/222"}],"wp:attachment":[{"href":"https:\/\/glpallets.com\/index.php?rest_route=%2Fwp%2Fv2%2Fmedia&parent=161"}],"curies":[{"name":"wp","href":"https:\/\/api.w.org\/{rel}","templated":true}]}}