{"id":2,"date":"2014-02-27T14:24:16","date_gmt":"2014-02-27T14:24:16","guid":{"rendered":"http:\/\/glpallets.com\/?page_id=2"},"modified":"2022-07-12T03:31:59","modified_gmt":"2022-07-12T03:31:59","slug":"pagina-exemplo","status":"publish","type":"page","link":"https:\/\/glpallets.com\/?page_id=2","title":{"rendered":"QUEM SOMOS"},"content":{"rendered":"<p><div class=\"kc-elm kc-css-376578 kc-row-container module\"><div class=\"wc-row row\"><div class=\"kc-wrap-columns\"><div class=\"kc-elm kc-css-852284 small-12 columns small-12\"><div class=\"kc-col-container\"><div class=\"kc-elm kc-css-852827 kc_text_block\"><\/p>\n<p style=\"text-align: center;\"><span style=\"font-size: 13pt;\">A empresa GL PALLETS, atua na \u00e1rea de log\u00edstica nas diversas regi\u00f5es do Brasil e tem como objetivo oferecer o modelo de pallet ideal para cada segmento do mercado, garantindo uma boa movimenta\u00e7\u00e3o e armazenamento de mercadorias nos setores aliment\u00edcio, farmac\u00eautico, t\u00eaxtil e entre outros. Nosso diferencial \u00e9 a qualidade no atendimento e efici\u00eancia no cumprimento dos prazos.<\/span><\/p>\n<p>\n<\/div><\/div><\/div><\/div><\/div><\/div><div class=\"kc-elm kc-css-256253 kc-row-container module\"><div class=\"wc-row row\"><div class=\"kc-wrap-columns\"><div class=\"kc-elm kc-css-237533 small-12 columns small-12\"><div class=\"kc-col-container\"><div class=\"kc-elm kc-css-76705 kc_text_block\"><\/p>\n<p style=\"text-align: center;\"><span style=\"font-size: 18pt;\"><strong>MISS\u00c3O<\/strong><\/span><\/p>\n<p style=\"text-align: center;\"><span style=\"font-size: 13pt;\">\u201cFazer e desenvolver com inova\u00e7\u00e3o, efici\u00eancia e pre\u00e7o justo Pallets e embalagens em madeira para nossos clientes,\u201d<\/span><\/p>\n<p>\n<\/div><\/div><\/div><div class=\"kc-elm kc-css-684350 small-12 columns small-12\"><div class=\"kc-col-container\"><div class=\"kc-elm kc-css-431612 kc_text_block\"><\/p>\n<p style=\"text-align: center;\"><span style=\"font-size: 18pt;\"><b>VIS\u00c3O<\/b><\/span><\/p>\n<p style=\"text-align: center;\"><span style=\"font-size: 13pt;\">\u201cSer reconhecida como refer\u00eancia, local e nacional, na produ\u00e7\u00e3o de Pallets e Embalagens em madeira, com produtividade e lucratividade, cultivando relacionamentos de parceria e confian\u00e7a ao longo prazo com nossos clientes e fornecedores\u201d.<\/span><\/p>\n<p>\n<\/div><\/div><\/div><\/div><\/div><\/div><\/p>\n","protected":false},"excerpt":{"rendered":"","protected":false},"author":1,"featured_media":0,"parent":0,"menu_order":0,"comment_status":"open","ping_status":"open","template":"","meta":{"footnotes":""},"_links":{"self":[{"href":"https:\/\/glpallets.com\/index.php?rest_route=\/wp\/v2\/pages\/2"}],"collection":[{"href":"https:\/\/glpallets.com\/index.php?rest_route=\/wp\/v2\/pages"}],"about":[{"href":"https:\/\/glpallets.com\/index.php?rest_route=\/wp\/v2\/types\/page"}],"author":[{"embeddable":true,"href":"https:\/\/glpallets.com\/index.php?rest_route=\/wp\/v2\/users\/1"}],"replies":[{"embeddable":true,"href":"https:\/\/glpallets.com\/index.php?rest_route=%2Fwp%2Fv2%2Fcomments&post=2"}],"version-history":[{"count":16,"href":"https:\/\/glpallets.com\/index.php?rest_route=\/wp\/v2\/pages\/2\/revisions"}],"predecessor-version":[{"id":160,"href":"https:\/\/glpallets.com\/index.php?rest_route=\/wp\/v2\/pages\/2\/revisions\/160"}],"wp:attachment":[{"href":"https:\/\/glpallets.com\/index.php?rest_route=%2Fwp%2Fv2%2Fmedia&parent=2"}],"curies":[{"name":"wp","href":"https:\/\/api.w.org\/{rel}","templated":true}]}}